{"id":6883,"date":"2023-09-21T16:39:13","date_gmt":"2023-09-21T14:39:13","guid":{"rendered":"http:\/\/www.clinicadentalrojo.com\/casos\/"},"modified":"2024-04-09T17:46:01","modified_gmt":"2024-04-09T15:46:01","slug":"casos","status":"publish","type":"page","link":"https:\/\/www.clinicadentalrojo.com\/ca\/casos\/","title":{"rendered":"Casos"},"content":{"rendered":"<section class=\"wpb-content-wrapper\">[vc_row][vc_column css=&#8221;.vc_custom_1481917776941{padding-top: 0px !important;}&#8221;][vc_empty_space height=&#8221;70px&#8221; el_class=&#8221;arg-spacer&#8221;][vc_row_inner content_placement=&#8221;top&#8221; el_class=&#8221;heading-block-wrapper&#8221;][vc_column_inner width=&#8221;5\/12&#8243;][vc_custom_heading text=&#8221;Millorem<br \/>\nel teu somriure&#8221; font_container=&#8221;tag:h2|text_align:left|color:%23405978&#8243; use_theme_fonts=&#8221;yes&#8221; el_class=&#8221;heading-block-title&#8221;][\/vc_column_inner][vc_column_inner width=&#8221;7\/12&#8243;][vc_column_text el_class=&#8221;heading-block-subtitle&#8221;]<span style=\"font-weight: 400;\">El nostre equip d&#8217;especialistes treballen de forma conjunta (multidisciplinar) per fer un excel\u00b7lent estudi del cas i oferir les millors opcions terap\u00e8utiques aconseguint salut i est\u00e8tica dental. Els nostres 40 anys d&#8217;experi\u00e8ncia ens avalen.<\/span>[\/vc_column_text][\/vc_column_inner][\/vc_row_inner][vc_empty_space height=&#8221;70px&#8221;][\/vc_column][\/vc_row][vc_row full_width=&#8221;stretch_row&#8221; css=&#8221;.vc_custom_1695307610995{background-color: #e4e8eb !important;}&#8221; el_class=&#8221;cases-wrapper&#8221;][vc_column css=&#8221;.vc_custom_1481917776941{padding-top: 0px !important;}&#8221;][vc_empty_space height=&#8221;70px&#8221; el_class=&#8221;arg-spacer&#8221;]<style type=\"text\/css\">.co-pg-69e1d2245c16d .co-pg-item { \n        grid-template-columns: repeat(3, 1fr); \n    }<\/style><div class=\"co-pg co-pg-69e1d2245c16d casos\"><div class=\"co-pg-item\">\n                        <a href=\"https:\/\/www.clinicadentalrojo.com\/ca\/casos\/recessio-gingival\/\">\n                            <div class=\"co-pg-item-wrapper\">\n                                <div class=\"co-pg-image-wrapper\">\n                                    <img decoding=\"async\" src=\"https:\/\/www.clinicadentalrojo.com\/wp-content\/uploads\/2023\/09\/recesion-gingival-despues.jpg\" alt=\"Recessi&oacute; gingival\" class=\"co-pg-image\">\n                                <\/div>\n                                <div class=\"co-pg-content\">\n                                    <h3 class=\"co-pg-title\">Recessi\u00f3 gingival<\/h3>          <\/div>\n                            <\/div>\n                        <\/a>\n                    <\/div><div class=\"co-pg-item\">\n                        <a href=\"https:\/\/www.clinicadentalrojo.com\/ca\/casos\/millora-del-somriure\/\">\n                            <div class=\"co-pg-item-wrapper\">\n                                <div class=\"co-pg-image-wrapper\">\n                                    <img decoding=\"async\" src=\"https:\/\/www.clinicadentalrojo.com\/wp-content\/uploads\/2023\/09\/mejora-sonrisa-despues.jpg\" alt=\"Millora del somriure\" class=\"co-pg-image\">\n                                <\/div>\n                                <div class=\"co-pg-content\">\n                                    <h3 class=\"co-pg-title\">Millora del somriure<\/h3>          <\/div>\n                            <\/div>\n                        <\/a>\n                    <\/div><div class=\"co-pg-item\">\n                        <a href=\"https:\/\/www.clinicadentalrojo.com\/ca\/casos\/dents-apinyades\/\">\n                            <div class=\"co-pg-item-wrapper\">\n                                <div class=\"co-pg-image-wrapper\">\n                                    <img decoding=\"async\" src=\"https:\/\/www.clinicadentalrojo.com\/wp-content\/uploads\/2023\/09\/apinados-despues.jpg\" alt=\"Dents apinyades\" class=\"co-pg-image\">\n                                <\/div>\n                                <div class=\"co-pg-content\">\n                                    <h3 class=\"co-pg-title\">Dents apinyades<\/h3>          <\/div>\n                            <\/div>\n                        <\/a>\n                    <\/div><div class=\"co-pg-item\">\n                        <a href=\"https:\/\/www.clinicadentalrojo.com\/ca\/casos\/genives-irregulars\/\">\n                            <div class=\"co-pg-item-wrapper\">\n                                <div class=\"co-pg-image-wrapper\">\n                                    <img decoding=\"async\" src=\"https:\/\/www.clinicadentalrojo.com\/wp-content\/uploads\/2023\/09\/encias-irregulares-despues.jpg\" alt=\"Genives irregulars\" class=\"co-pg-image\">\n                                <\/div>\n                                <div class=\"co-pg-content\">\n                                    <h3 class=\"co-pg-title\">Genives irregulars<\/h3>          <\/div>\n                            <\/div>\n                        <\/a>\n                    <\/div><div class=\"co-pg-item\">\n                        <a href=\"https:\/\/www.clinicadentalrojo.com\/ca\/casos\/dents-desgastats\/\">\n                            <div class=\"co-pg-item-wrapper\">\n                                <div class=\"co-pg-image-wrapper\">\n                                    <img decoding=\"async\" src=\"https:\/\/www.clinicadentalrojo.com\/wp-content\/uploads\/2023\/09\/dientesdesgastados-despues.jpg\" alt=\"Dents desgastats\" class=\"co-pg-image\">\n                                <\/div>\n                                <div class=\"co-pg-content\">\n                                    <h3 class=\"co-pg-title\">Dents desgastats<\/h3>          <\/div>\n                            <\/div>\n                        <\/a>\n                    <\/div><div class=\"co-pg-item\">\n                        <a href=\"https:\/\/www.clinicadentalrojo.com\/ca\/casos\/genives-encongides\/\">\n                            <div class=\"co-pg-item-wrapper\">\n                                <div class=\"co-pg-image-wrapper\">\n                                    <img decoding=\"async\" src=\"https:\/\/www.clinicadentalrojo.com\/wp-content\/uploads\/2023\/09\/enciasencogidas-despues.jpg\" alt=\"Genives encongides\" class=\"co-pg-image\">\n                                <\/div>\n                                <div class=\"co-pg-content\">\n                                    <h3 class=\"co-pg-title\">Genives encongides<\/h3>          <\/div>\n                            <\/div>\n                        <\/a>\n                    <\/div><div class=\"co-pg-item\">\n                        <a href=\"https:\/\/www.clinicadentalrojo.com\/ca\/casos\/allargament-de-corona\/\">\n                            <div class=\"co-pg-item-wrapper\">\n                                <div class=\"co-pg-image-wrapper\">\n                                    <img decoding=\"async\" src=\"https:\/\/www.clinicadentalrojo.com\/wp-content\/uploads\/2023\/09\/alargamiento-corona-despues.jpg\" alt=\"Allargament de corona\" class=\"co-pg-image\">\n                                <\/div>\n                                <div class=\"co-pg-content\">\n                                    <h3 class=\"co-pg-title\">Allargament de corona<\/h3>          <\/div>\n                            <\/div>\n                        <\/a>\n                    <\/div><div class=\"co-pg-item\">\n                        <a href=\"https:\/\/www.clinicadentalrojo.com\/ca\/casos\/microcaretes\/\">\n                            <div class=\"co-pg-item-wrapper\">\n                                <div class=\"co-pg-image-wrapper\">\n                                    <img decoding=\"async\" src=\"https:\/\/www.clinicadentalrojo.com\/wp-content\/uploads\/2023\/09\/microcarillas-despues.jpg\" alt=\"Microcaretes\" class=\"co-pg-image\">\n                                <\/div>\n                                <div class=\"co-pg-content\">\n                                    <h3 class=\"co-pg-title\">Microcaretes<\/h3>          <\/div>\n                            <\/div>\n                        <\/a>\n                    <\/div><div class=\"co-pg-item\">\n                        <a href=\"https:\/\/www.clinicadentalrojo.com\/ca\/casos\/recessio-gingival-2\/\">\n                            <div class=\"co-pg-item-wrapper\">\n                                <div class=\"co-pg-image-wrapper\">\n                                    <img decoding=\"async\" src=\"https:\/\/www.clinicadentalrojo.com\/wp-content\/uploads\/2024\/05\/Captura-de-pantalla-2024-05-22-a-las-17.24.15.png\" alt=\"Carilles d&amp;#8217;alta qualitat\" class=\"co-pg-image\">\n                                <\/div>\n                                <div class=\"co-pg-content\">\n                                    <h3 class=\"co-pg-title\">Carilles d&#8217;alta qualitat<\/h3>          <\/div>\n                            <\/div>\n                        <\/a>\n                    <\/div><div class=\"co-pg-item\">\n                        <a href=\"https:\/\/www.clinicadentalrojo.com\/ca\/casos\/recessio-gingival-3\/\">\n                            <div class=\"co-pg-item-wrapper\">\n                                <div class=\"co-pg-image-wrapper\">\n                                    <img decoding=\"async\" src=\"https:\/\/www.clinicadentalrojo.com\/wp-content\/uploads\/2024\/05\/Captura-de-pantalla-2024-05-22-a-las-17.42.20.png\" alt=\"Retracci&oacute; o p&egrave;rdua de geniva\" class=\"co-pg-image\">\n                                <\/div>\n                                <div class=\"co-pg-content\">\n                                    <h3 class=\"co-pg-title\">Retracci\u00f3 o p\u00e8rdua de geniva<\/h3>          <\/div>\n                            <\/div>\n                        <\/a>\n                    <\/div><div class=\"co-pg-item\">\n                        <a href=\"https:\/\/www.clinicadentalrojo.com\/ca\/casos\/retraccio-o-perdua-de-geniva\/\">\n                            <div class=\"co-pg-item-wrapper\">\n                                <div class=\"co-pg-image-wrapper\">\n                                    <img decoding=\"async\" src=\"https:\/\/www.clinicadentalrojo.com\/wp-content\/uploads\/2024\/05\/Captura-de-pantalla-2024-05-22-a-las-17.50.01.png\" alt=\"Desgast dental\" class=\"co-pg-image\">\n                                <\/div>\n                                <div class=\"co-pg-content\">\n                                    <h3 class=\"co-pg-title\">Desgast dental<\/h3>          <\/div>\n                            <\/div>\n                        <\/a>\n                    <\/div><div class=\"co-pg-item\">\n                        <a href=\"https:\/\/www.clinicadentalrojo.com\/ca\/casos\/retraccio-o-perdua-de-geniva-2\/\">\n                            <div class=\"co-pg-item-wrapper\">\n                                <div class=\"co-pg-image-wrapper\">\n                                    <img decoding=\"async\" src=\"https:\/\/www.clinicadentalrojo.com\/wp-content\/uploads\/2024\/05\/Captura-de-pantalla-2024-05-22-a-las-17.55.16.png\" alt=\"Espai entre dents (diastemes)\" class=\"co-pg-image\">\n                                <\/div>\n                                <div class=\"co-pg-content\">\n                                    <h3 class=\"co-pg-title\">Espai entre dents (diastemes)<\/h3>          <\/div>\n                            <\/div>\n                        <\/a>\n                    <\/div><div class=\"co-pg-item\">\n                        <a href=\"https:\/\/www.clinicadentalrojo.com\/ca\/casos\/allargament-de-corona-2\/\">\n                            <div class=\"co-pg-item-wrapper\">\n                                <div class=\"co-pg-image-wrapper\">\n                                    <img decoding=\"async\" src=\"https:\/\/www.clinicadentalrojo.com\/wp-content\/uploads\/2024\/06\/Captura-de-Pantalla-2024-06-14-a-las-5.25.32-1.png\" alt=\"Carilles\" class=\"co-pg-image\">\n                                <\/div>\n                                <div class=\"co-pg-content\">\n                                    <h3 class=\"co-pg-title\">Carilles<\/h3>          <\/div>\n                            <\/div>\n                        <\/a>\n                    <\/div><div class=\"co-pg-item\">\n                        <a href=\"https:\/\/www.clinicadentalrojo.com\/ca\/casos\/allargament-de-corona-3\/\">\n                            <div class=\"co-pg-item-wrapper\">\n                                <div class=\"co-pg-image-wrapper\">\n                                    <img decoding=\"async\" src=\"https:\/\/www.clinicadentalrojo.com\/wp-content\/uploads\/2024\/06\/Captura-de-Pantalla-2024-06-14-a-las-5.39.37.png\" alt=\"Carilles per a dents fracturades\" class=\"co-pg-image\">\n                                <\/div>\n                                <div class=\"co-pg-content\">\n                                    <h3 class=\"co-pg-title\">Carilles per a dents fracturades<\/h3>          <\/div>\n                            <\/div>\n                        <\/a>\n                    <\/div><div class=\"co-pg-item\">\n                        <a href=\"https:\/\/www.clinicadentalrojo.com\/ca\/casos\/allargament-de-corona-4\/\">\n                            <div class=\"co-pg-item-wrapper\">\n                                <div class=\"co-pg-image-wrapper\">\n                                    <img decoding=\"async\" src=\"https:\/\/www.clinicadentalrojo.com\/wp-content\/uploads\/2024\/06\/Captura-de-Pantalla-2024-06-14-a-las-5.46.04.png\" alt=\"Bruxisme\" class=\"co-pg-image\">\n                                <\/div>\n                                <div class=\"co-pg-content\">\n                                    <h3 class=\"co-pg-title\">Bruxisme<\/h3>          <\/div>\n                            <\/div>\n                        <\/a>\n                    <\/div><div class=\"co-pg-item\">\n                        <a href=\"https:\/\/www.clinicadentalrojo.com\/ca\/casos\/allargament-de-corona-5\/\">\n                            <div class=\"co-pg-item-wrapper\">\n                                <div class=\"co-pg-image-wrapper\">\n                                    <img decoding=\"async\" src=\"https:\/\/www.clinicadentalrojo.com\/wp-content\/uploads\/2024\/06\/Captura-de-Pantalla-2024-06-14-a-las-5.52.34.png\" alt=\"Dents petites i exc&eacute;s de geniva\" class=\"co-pg-image\">\n                                <\/div>\n                                <div class=\"co-pg-content\">\n                                    <h3 class=\"co-pg-title\">Dents petites i exc\u00e9s de geniva<\/h3>          <\/div>\n                            <\/div>\n                        <\/a>\n                    <\/div><div class=\"co-pg-item\">\n                        <a href=\"https:\/\/www.clinicadentalrojo.com\/ca\/casos\/allargament-de-corona-6\/\">\n                            <div class=\"co-pg-item-wrapper\">\n                                <div class=\"co-pg-image-wrapper\">\n                                    <img decoding=\"async\" src=\"https:\/\/www.clinicadentalrojo.com\/wp-content\/uploads\/2024\/06\/Captura-de-Pantalla-2024-06-14-a-las-5.58.38.png\" alt=\"Carilles (2)\" class=\"co-pg-image\">\n                                <\/div>\n                                <div class=\"co-pg-content\">\n                                    <h3 class=\"co-pg-title\">Carilles (2)<\/h3>          <\/div>\n                            <\/div>\n                        <\/a>\n                    <\/div><\/div>[vc_empty_space height=&#8221;70px&#8221;][\/vc_column][\/vc_row]\n<\/section>","protected":false},"excerpt":{"rendered":"<p>[vc_row][vc_column css=&#8221;.vc_custom_1481917776941{padding-top: 0px !important;}&#8221;][vc_empty_space height=&#8221;70px&#8221; el_class=&#8221;arg-spacer&#8221;][vc_row_inner content_placement=&#8221;top&#8221; el_class=&#8221;heading-block-wrapper&#8221;][vc_column_inner width=&#8221;5\/12&#8243;][vc_custom_heading text=&#8221;Millorem el teu somriure&#8221; font_container=&#8221;tag:h2|text_align:left|color:%23405978&#8243; use_theme_fonts=&#8221;yes&#8221; el_class=&#8221;heading-block-title&#8221;][\/vc_column_inner][vc_column_inner width=&#8221;7\/12&#8243;][vc_column_text el_class=&#8221;heading-block-subtitle&#8221;]El nostre equip d&#8217;especialistes treballen de forma conjunta (multidisciplinar) per fer un excel\u00b7lent estudi del cas i oferir les millors opcions terap\u00e8utiques aconseguint salut i est\u00e8tica dental. Els nostres 40 anys d&#8217;experi\u00e8ncia ens avalen.[\/vc_column_text][\/vc_column_inner][\/vc_row_inner][vc_empty_space height=&#8221;70px&#8221;][\/vc_column][\/vc_row][vc_row full_width=&#8221;stretch_row&#8221; css=&#8221;.vc_custom_1695307610995{background-color: #e4e8eb [&hellip;]<\/p>\n","protected":false},"author":1,"featured_media":0,"parent":0,"menu_order":0,"comment_status":"closed","ping_status":"closed","template":"page-templates\/page_without-sidebar.php","meta":{"_joinchat":[],"footnotes":""},"class_list":["post-6883","page","type-page","status-publish","hentry"],"acf":[],"yoast_head":"<!-- This site is optimized with the Yoast SEO plugin v21.2 - https:\/\/yoast.com\/wordpress\/plugins\/seo\/ -->\n<title>Casos - Cl\u00ednica Dental Dr. Rojo<\/title>\n<meta name=\"robots\" content=\"index, follow, max-snippet:-1, max-image-preview:large, max-video-preview:-1\" \/>\n<link rel=\"canonical\" href=\"https:\/\/www.clinicadentalrojo.com\/ca\/casos\/\" \/>\n<meta property=\"og:locale\" content=\"ca_ES\" \/>\n<meta property=\"og:type\" content=\"article\" \/>\n<meta property=\"og:title\" content=\"Casos - Cl\u00ednica Dental Dr. Rojo\" \/>\n<meta property=\"og:description\" content=\"[vc_row][vc_column css=&#8221;.vc_custom_1481917776941{padding-top: 0px !important;}&#8221;][vc_empty_space height=&#8221;70px&#8221; el_class=&#8221;arg-spacer&#8221;][vc_row_inner content_placement=&#8221;top&#8221; el_class=&#8221;heading-block-wrapper&#8221;][vc_column_inner width=&#8221;5\/12&#8243;][vc_custom_heading text=&#8221;Millorem el teu somriure&#8221; font_container=&#8221;tag:h2|text_align:left|color:%23405978&#8243; use_theme_fonts=&#8221;yes&#8221; el_class=&#8221;heading-block-title&#8221;][\/vc_column_inner][vc_column_inner width=&#8221;7\/12&#8243;][vc_column_text el_class=&#8221;heading-block-subtitle&#8221;]El nostre equip d&#8217;especialistes treballen de forma conjunta (multidisciplinar) per fer un excel\u00b7lent estudi del cas i oferir les millors opcions terap\u00e8utiques aconseguint salut i est\u00e8tica dental. Els nostres 40 anys d&#8217;experi\u00e8ncia ens avalen.[\/vc_column_text][\/vc_column_inner][\/vc_row_inner][vc_empty_space height=&#8221;70px&#8221;][\/vc_column][\/vc_row][vc_row full_width=&#8221;stretch_row&#8221; css=&#8221;.vc_custom_1695307610995{background-color: #e4e8eb [&hellip;]\" \/>\n<meta property=\"og:url\" content=\"https:\/\/www.clinicadentalrojo.com\/ca\/casos\/\" \/>\n<meta property=\"og:site_name\" content=\"Cl\u00ednica Dental Dr. Rojo\" \/>\n<meta property=\"article:publisher\" content=\"https:\/\/www.facebook.com\/clinicadentalrojo\/\" \/>\n<meta property=\"article:modified_time\" content=\"2024-04-09T15:46:01+00:00\" \/>\n<meta name=\"twitter:card\" content=\"summary_large_image\" \/>\n<meta name=\"twitter:label1\" content=\"Temps estimat de lectura\" \/>\n\t<meta name=\"twitter:data1\" content=\"1 minut\" \/>\n<script type=\"application\/ld+json\" class=\"yoast-schema-graph\">{\"@context\":\"https:\/\/schema.org\",\"@graph\":[{\"@type\":\"WebPage\",\"@id\":\"https:\/\/www.clinicadentalrojo.com\/ca\/casos\/\",\"url\":\"https:\/\/www.clinicadentalrojo.com\/ca\/casos\/\",\"name\":\"Casos - Cl\u00ednica Dental Dr. Rojo\",\"isPartOf\":{\"@id\":\"https:\/\/www.clinicadentalrojo.com\/ca\/#website\"},\"datePublished\":\"2023-09-21T14:39:13+00:00\",\"dateModified\":\"2024-04-09T15:46:01+00:00\",\"breadcrumb\":{\"@id\":\"https:\/\/www.clinicadentalrojo.com\/ca\/casos\/#breadcrumb\"},\"inLanguage\":\"ca\",\"potentialAction\":[{\"@type\":\"ReadAction\",\"target\":[\"https:\/\/www.clinicadentalrojo.com\/ca\/casos\/\"]}]},{\"@type\":\"BreadcrumbList\",\"@id\":\"https:\/\/www.clinicadentalrojo.com\/ca\/casos\/#breadcrumb\",\"itemListElement\":[{\"@type\":\"ListItem\",\"position\":1,\"name\":\"Portada\",\"item\":\"https:\/\/www.clinicadentalrojo.com\/ca\/clinica-dental-dr-rojo\/\"},{\"@type\":\"ListItem\",\"position\":2,\"name\":\"Casos\"}]},{\"@type\":\"WebSite\",\"@id\":\"https:\/\/www.clinicadentalrojo.com\/ca\/#website\",\"url\":\"https:\/\/www.clinicadentalrojo.com\/ca\/\",\"name\":\"Cl\u00ednica Dental Dr. Rojo\",\"description\":\"\",\"publisher\":{\"@id\":\"https:\/\/www.clinicadentalrojo.com\/ca\/#organization\"},\"potentialAction\":[{\"@type\":\"SearchAction\",\"target\":{\"@type\":\"EntryPoint\",\"urlTemplate\":\"https:\/\/www.clinicadentalrojo.com\/ca\/?s={search_term_string}\"},\"query-input\":\"required name=search_term_string\"}],\"inLanguage\":\"ca\"},{\"@type\":\"Organization\",\"@id\":\"https:\/\/www.clinicadentalrojo.com\/ca\/#organization\",\"name\":\"Cl\u00ednica Dental Dr. Rojo\",\"url\":\"https:\/\/www.clinicadentalrojo.com\/ca\/\",\"logo\":{\"@type\":\"ImageObject\",\"inLanguage\":\"ca\",\"@id\":\"https:\/\/www.clinicadentalrojo.com\/ca\/#\/schema\/logo\/image\/\",\"url\":\"http:\/\/www.clinicadentalrojo.com\/wp-content\/uploads\/2023\/08\/logo-mob.png\",\"contentUrl\":\"http:\/\/www.clinicadentalrojo.com\/wp-content\/uploads\/2023\/08\/logo-mob.png\",\"width\":602,\"height\":160,\"caption\":\"Cl\u00ednica Dental Dr. Rojo\"},\"image\":{\"@id\":\"https:\/\/www.clinicadentalrojo.com\/ca\/#\/schema\/logo\/image\/\"},\"sameAs\":[\"https:\/\/www.facebook.com\/clinicadentalrojo\/\",\"https:\/\/www.instagram.com\/clinicadentalrojo\/\"]}]}<\/script>\n<!-- \/ Yoast SEO plugin. -->","yoast_head_json":{"title":"Casos - Cl\u00ednica Dental Dr. Rojo","robots":{"index":"index","follow":"follow","max-snippet":"max-snippet:-1","max-image-preview":"max-image-preview:large","max-video-preview":"max-video-preview:-1"},"canonical":"https:\/\/www.clinicadentalrojo.com\/ca\/casos\/","og_locale":"ca_ES","og_type":"article","og_title":"Casos - Cl\u00ednica Dental Dr. Rojo","og_description":"[vc_row][vc_column css=&#8221;.vc_custom_1481917776941{padding-top: 0px !important;}&#8221;][vc_empty_space height=&#8221;70px&#8221; el_class=&#8221;arg-spacer&#8221;][vc_row_inner content_placement=&#8221;top&#8221; el_class=&#8221;heading-block-wrapper&#8221;][vc_column_inner width=&#8221;5\/12&#8243;][vc_custom_heading text=&#8221;Millorem el teu somriure&#8221; font_container=&#8221;tag:h2|text_align:left|color:%23405978&#8243; use_theme_fonts=&#8221;yes&#8221; el_class=&#8221;heading-block-title&#8221;][\/vc_column_inner][vc_column_inner width=&#8221;7\/12&#8243;][vc_column_text el_class=&#8221;heading-block-subtitle&#8221;]El nostre equip d&#8217;especialistes treballen de forma conjunta (multidisciplinar) per fer un excel\u00b7lent estudi del cas i oferir les millors opcions terap\u00e8utiques aconseguint salut i est\u00e8tica dental. Els nostres 40 anys d&#8217;experi\u00e8ncia ens avalen.[\/vc_column_text][\/vc_column_inner][\/vc_row_inner][vc_empty_space height=&#8221;70px&#8221;][\/vc_column][\/vc_row][vc_row full_width=&#8221;stretch_row&#8221; css=&#8221;.vc_custom_1695307610995{background-color: #e4e8eb [&hellip;]","og_url":"https:\/\/www.clinicadentalrojo.com\/ca\/casos\/","og_site_name":"Cl\u00ednica Dental Dr. Rojo","article_publisher":"https:\/\/www.facebook.com\/clinicadentalrojo\/","article_modified_time":"2024-04-09T15:46:01+00:00","twitter_card":"summary_large_image","twitter_misc":{"Temps estimat de lectura":"1 minut"},"schema":{"@context":"https:\/\/schema.org","@graph":[{"@type":"WebPage","@id":"https:\/\/www.clinicadentalrojo.com\/ca\/casos\/","url":"https:\/\/www.clinicadentalrojo.com\/ca\/casos\/","name":"Casos - Cl\u00ednica Dental Dr. Rojo","isPartOf":{"@id":"https:\/\/www.clinicadentalrojo.com\/ca\/#website"},"datePublished":"2023-09-21T14:39:13+00:00","dateModified":"2024-04-09T15:46:01+00:00","breadcrumb":{"@id":"https:\/\/www.clinicadentalrojo.com\/ca\/casos\/#breadcrumb"},"inLanguage":"ca","potentialAction":[{"@type":"ReadAction","target":["https:\/\/www.clinicadentalrojo.com\/ca\/casos\/"]}]},{"@type":"BreadcrumbList","@id":"https:\/\/www.clinicadentalrojo.com\/ca\/casos\/#breadcrumb","itemListElement":[{"@type":"ListItem","position":1,"name":"Portada","item":"https:\/\/www.clinicadentalrojo.com\/ca\/clinica-dental-dr-rojo\/"},{"@type":"ListItem","position":2,"name":"Casos"}]},{"@type":"WebSite","@id":"https:\/\/www.clinicadentalrojo.com\/ca\/#website","url":"https:\/\/www.clinicadentalrojo.com\/ca\/","name":"Cl\u00ednica Dental Dr. Rojo","description":"","publisher":{"@id":"https:\/\/www.clinicadentalrojo.com\/ca\/#organization"},"potentialAction":[{"@type":"SearchAction","target":{"@type":"EntryPoint","urlTemplate":"https:\/\/www.clinicadentalrojo.com\/ca\/?s={search_term_string}"},"query-input":"required name=search_term_string"}],"inLanguage":"ca"},{"@type":"Organization","@id":"https:\/\/www.clinicadentalrojo.com\/ca\/#organization","name":"Cl\u00ednica Dental Dr. Rojo","url":"https:\/\/www.clinicadentalrojo.com\/ca\/","logo":{"@type":"ImageObject","inLanguage":"ca","@id":"https:\/\/www.clinicadentalrojo.com\/ca\/#\/schema\/logo\/image\/","url":"http:\/\/www.clinicadentalrojo.com\/wp-content\/uploads\/2023\/08\/logo-mob.png","contentUrl":"http:\/\/www.clinicadentalrojo.com\/wp-content\/uploads\/2023\/08\/logo-mob.png","width":602,"height":160,"caption":"Cl\u00ednica Dental Dr. Rojo"},"image":{"@id":"https:\/\/www.clinicadentalrojo.com\/ca\/#\/schema\/logo\/image\/"},"sameAs":["https:\/\/www.facebook.com\/clinicadentalrojo\/","https:\/\/www.instagram.com\/clinicadentalrojo\/"]}]}},"_links":{"self":[{"href":"https:\/\/www.clinicadentalrojo.com\/ca\/wp-json\/wp\/v2\/pages\/6883","targetHints":{"allow":["GET"]}}],"collection":[{"href":"https:\/\/www.clinicadentalrojo.com\/ca\/wp-json\/wp\/v2\/pages"}],"about":[{"href":"https:\/\/www.clinicadentalrojo.com\/ca\/wp-json\/wp\/v2\/types\/page"}],"author":[{"embeddable":true,"href":"https:\/\/www.clinicadentalrojo.com\/ca\/wp-json\/wp\/v2\/users\/1"}],"replies":[{"embeddable":true,"href":"https:\/\/www.clinicadentalrojo.com\/ca\/wp-json\/wp\/v2\/comments?post=6883"}],"version-history":[{"count":7,"href":"https:\/\/www.clinicadentalrojo.com\/ca\/wp-json\/wp\/v2\/pages\/6883\/revisions"}],"predecessor-version":[{"id":8064,"href":"https:\/\/www.clinicadentalrojo.com\/ca\/wp-json\/wp\/v2\/pages\/6883\/revisions\/8064"}],"wp:attachment":[{"href":"https:\/\/www.clinicadentalrojo.com\/ca\/wp-json\/wp\/v2\/media?parent=6883"}],"curies":[{"name":"wp","href":"https:\/\/api.w.org\/{rel}","templated":true}]}}